{"id":6451,"date":"2021-09-26T00:16:01","date_gmt":"2021-09-26T00:16:01","guid":{"rendered":"https:\/\/flpes.minimastudio.com\/en\/weldingdivision\/products\/lt-7-tractor\/"},"modified":"2021-09-26T00:50:16","modified_gmt":"2021-09-26T00:50:16","slug":"lt-7-tractor","status":"publish","type":"product","link":"https:\/\/www.flopower.com\/en\/weldingdivision\/products\/lt-7-tractor\/","title":{"rendered":"LT-7 Tractor"},"content":{"rendered":"<p>El Tractor LT-7 es un alimentador de alambre mecanizado autopropulsado, dise\u00f1ado para el proceso de arco sumergido con las capacidades del sistema de pistas. Es autoguiado y f\u00e1cil de operar. Dise\u00f1ado para ser utilizado con fuente de alimentaci\u00f3n Lincoln DC. Unidad robusta y ligera permite un movimiento r\u00e1pido a la siguiente uni\u00f3n. Su tama\u00f1o compacto se adapta a trav\u00e9s de peque\u00f1as aberturas y espacios confinados.<\/p>\n","protected":false},"excerpt":{"rendered":"<p>El Tractor LT-7 es un alimentador de alambre mecanizado autopropulsado, dise\u00f1ado para el proceso de arco sumergido con las capacidades del sistema de pistas. Es autoguiado y f\u00e1cil de operar. Dise\u00f1ado para ser utilizado con fuente de alimentaci\u00f3n Lincoln DC. Unidad robusta y ligera permite un movimiento r\u00e1pido a la siguiente uni\u00f3n. Su tama\u00f1o compacto se adapta a trav\u00e9s de peque\u00f1as aberturas y espacios confinados.<\/p>\n","protected":false},"featured_media":3114,"template":"","meta":[],"product_brand":[],"product_cat":[330],"product_tag":[422],"class_list":{"0":"post-6451","1":"product","2":"type-product","3":"status-publish","4":"has-post-thumbnail","6":"product_cat-technology-and-automation","7":"product_tag-lincoln-electric","9":"first","10":"instock","11":"shipping-taxable","12":"product-type-simple"},"jetpack_sharing_enabled":true,"brochure":false,"_links":{"self":[{"href":"https:\/\/www.flopower.com\/en\/wp-json\/wp\/v2\/product\/6451","targetHints":{"allow":["GET"]}}],"collection":[{"href":"https:\/\/www.flopower.com\/en\/wp-json\/wp\/v2\/product"}],"about":[{"href":"https:\/\/www.flopower.com\/en\/wp-json\/wp\/v2\/types\/product"}],"version-history":[{"count":0,"href":"https:\/\/www.flopower.com\/en\/wp-json\/wp\/v2\/product\/6451\/revisions"}],"wp:featuredmedia":[{"embeddable":true,"href":"https:\/\/www.flopower.com\/en\/wp-json\/wp\/v2\/media\/3114"}],"wp:attachment":[{"href":"https:\/\/www.flopower.com\/en\/wp-json\/wp\/v2\/media?parent=6451"}],"wp:term":[{"taxonomy":"product_brand","embeddable":true,"href":"https:\/\/www.flopower.com\/en\/wp-json\/wp\/v2\/product_brand?post=6451"},{"taxonomy":"product_cat","embeddable":true,"href":"https:\/\/www.flopower.com\/en\/wp-json\/wp\/v2\/product_cat?post=6451"},{"taxonomy":"product_tag","embeddable":true,"href":"https:\/\/www.flopower.com\/en\/wp-json\/wp\/v2\/product_tag?post=6451"}],"curies":[{"name":"wp","href":"https:\/\/api.w.org\/{rel}","templated":true}]}}